{"id":10,"date":"2015-10-05T14:47:24","date_gmt":"2015-10-05T12:47:24","guid":{"rendered":"http:\/\/www.svensktviltkottef.se\/?page_id=10"},"modified":"2018-10-09T16:19:50","modified_gmt":"2018-10-09T14:19:50","slug":"hem","status":"publish","type":"page","link":"https:\/\/www.svensktviltkottef.se\/","title":{"rendered":"V\u00e4lkommen till Svenskt Viltk\u00f6tt"},"content":{"rendered":"<div id=\"pl-10\"  class=\"panel-layout\" ><div id=\"pg-10-0\"  class=\"panel-grid panel-no-style\" ><div id=\"pgc-10-0-0\"  class=\"panel-grid-cell\" ><div id=\"panel-10-0-0-0\" class=\"so-panel widget widget_black-studio-tinymce widget_black_studio_tinymce panel-first-child panel-last-child\" data-index=\"0\" ><div class=\"textwidget\"><p>I Svenskt Viltk\u00f6tt \u00e4r endast eu-godk\u00e4nda vilthanteringsanl\u00e4ggningar medlemmar och v\u00e5r fr\u00e4msta uppgift \u00e4r att underl\u00e4tta f\u00f6r alla parter som \u00e4r inblandade i handeln med viltk\u00f6tt. Vi utbildar j\u00e4gare i hanteringen av viltk\u00f6tt fram till inl\u00e4mningen p\u00e5 v\u00e5ra anl\u00e4ggningar, och vi samarbetar f\u00f6r att Du som butik, restaurang eller privatperson skall finna det k\u00f6tt och de kvantiteter Du beh\u00f6ver. Dessutom bjuder vi p\u00e5 tips och nyheter och st\u00e5r till f\u00f6rfogande f\u00f6r r\u00e5dgivning och st\u00f6d till v\u00e5ra medlemmar. Tillsammans \u00e4r vi en gemensam samtalspartner med ex.vis Livsmedelsverket och Jordbruksverket. V\u00e4lkommen in p\u00e5 v\u00e5r sida och ta del av allt gott vilt som vi berikats med i v\u00e5rt avl\u00e5nga land.<\/p>\n<\/div><\/div><\/div><\/div><div id=\"pg-10-1\"  class=\"panel-grid panel-no-style\" ><div id=\"pgc-10-1-0\"  class=\"panel-grid-cell\" ><div id=\"panel-10-1-0-0\" class=\"so-panel widget widget_black-studio-tinymce widget_black_studio_tinymce panel-first-child panel-last-child\" data-index=\"1\" ><div class=\"textwidget\"><p>        <div data-options='{&quot;id&quot;:&quot;456&quot;,&quot;lazy_load&quot;:&quot;no&quot;,&quot;masonry_enable&quot;:&quot;no&quot;,&quot;view_type&quot;:&quot;grid&quot;}' id=\"post-grid-456\" class=\"post-grid grid\">\r\n                <div class=\"grid-items\">\r\n            <div class=\"item item-1069 skin flat even 0 \">\r\n                <div class=\"layer-wrapper layout-\">\r\n                <div class=\"layer-media\"><a href=\"https:\/\/www.svensktviltkottef.se\/?p=1069\"><img decoding=\"async\" src=\"https:\/\/www.svensktviltkottef.se\/wp-content\/uploads\/2019\/10\/shutterstock_713033317-300x213.jpg\" \/><\/a><\/div>\r\n    <div class=\"layer-content\">\r\n            <div class=\"element element_0  title \">\r\n                    <a target=\"\" href=\"https:\/\/www.svensktviltkottef.se\/?p=1069\">Kurser i Viltomh\u00e4ndertagande p\u00e5 Sk\u00e5nska Vilt!<\/a>\r\n\r\n        \r\n\r\n    <\/div>\r\n    <div class=\"element element_1  excerpt \">\r\n        Vill Du l\u00e4ra dig mer om viltets v\u00e4g och hantering fr\u00e5n skogen till frysen? Vi har kontinuerligt kurser i viltomh\u00e4ndertagande            <\/div>\r\n            <a class=\"element element_2  read_more \" target=\"_parent\" href=\"https:\/\/www.svensktviltkottef.se\/?p=1069\">Mer info<\/a>\r\n    \r\n    <\/div>\r\n        <\/div>\r\n    <\/div><div class=\"item item-1058 skin flat odd 1 \">\r\n                <div class=\"layer-wrapper layout-\">\r\n                <div class=\"layer-media\"><a href=\"https:\/\/www.svensktviltkottef.se\/?p=1058\"><img decoding=\"async\" src=\"https:\/\/www.svensktviltkottef.se\/wp-content\/uploads\/2019\/11\/Ryssby-300x300.jpg\" \/><\/a><\/div>\r\n    <div class=\"layer-content\">\r\n            <div class=\"element element_0  title \">\r\n                    <a target=\"\" href=\"https:\/\/www.svensktviltkottef.se\/?p=1058\">Ryssbygymnasiet - vinnare i Vildaste Restaurangskolan!<\/a>\r\n\r\n        \r\n\r\n    <\/div>\r\n    <div class=\"element element_1  excerpt \">\r\n        Efter en intensiv dag med fantastiska insatser fr\u00e5n alla t\u00e4vlande lag enades juryn om att utse Ryssbygymnasiets tjejlag till vinnare            <\/div>\r\n            <a class=\"element element_2  read_more \" target=\"_parent\" href=\"https:\/\/www.svensktviltkottef.se\/?p=1058\">Mer info<\/a>\r\n    \r\n    <\/div>\r\n        <\/div>\r\n    <\/div><div class=\"item item-1055 skin flat even 2 \">\r\n                <div class=\"layer-wrapper layout-\">\r\n                <div class=\"layer-media\"><a href=\"https:\/\/www.svensktviltkottef.se\/?p=1055\"><img decoding=\"async\" src=\"https:\/\/www.svensktviltkottef.se\/wp-content\/uploads\/2019\/03\/webvildsvinsgryta_02-300x200.jpg\" \/><\/a><\/div>\r\n    <div class=\"layer-content\">\r\n            <div class=\"element element_0  title \">\r\n                    <a target=\"\" href=\"https:\/\/www.svensktviltkottef.se\/?p=1055\">Kronobergs l\u00e4n tillsammans med Svenskt Viltk\u00f6tt sl\u00e5r en lans f\u00f6r Viltk\u00f6ttet<\/a>\r\n\r\n        \r\n\r\n    <\/div>\r\n    <div class=\"element element_1  excerpt \">\r\n        Vi i Svenskt Viltk\u00f6tt har f\u00f6rm\u00e5nen att tillsammans med Kronobergs L\u00e4n under \u00e5ret utbildat ett stort antal j\u00e4gare i Vilthantering.            <\/div>\r\n            <a class=\"element element_2  read_more \" target=\"_parent\" href=\"https:\/\/www.svensktviltkottef.se\/?p=1055\">Mer info<\/a>\r\n    \r\n    <\/div>\r\n        <\/div>\r\n    <\/div><div class=\"item item-1049 skin flat odd 3 \">\r\n                <div class=\"layer-wrapper layout-\">\r\n                <div class=\"layer-media\"><a href=\"https:\/\/www.svensktviltkottef.se\/?p=1049\"><img decoding=\"async\" src=\"https:\/\/www.svensktviltkottef.se\/wp-content\/uploads\/2019\/10\/shutterstock_713033317-1024x727.jpg\" \/><\/a><\/div>\r\n    <div class=\"layer-content\">\r\n            <div class=\"element element_0  title \">\r\n                    <a target=\"\" href=\"https:\/\/www.svensktviltkottef.se\/?p=1049\">Svenskt Viltk\u00f6tt p\u00e5 Menigo<\/a>\r\n\r\n        \r\n\r\n    <\/div>\r\n    <div class=\"element element_1  excerpt \">\r\n        Viltk\u00f6ttet och intresset f\u00f6r alla dess f\u00f6rdelar forts\u00e4tter att sprida sig! Vi gl\u00e4ds \u00e5t alla som f\u00e5r m\u00f6jlighet att njuta            <\/div>\r\n            <a class=\"element element_2  read_more \" target=\"_parent\" href=\"https:\/\/www.svensktviltkottef.se\/?p=1049\">Mer info<\/a>\r\n    \r\n    <\/div>\r\n        <\/div>\r\n    <\/div><div class=\"item item-1044 skin flat even 4 \">\r\n                <div class=\"layer-wrapper layout-\">\r\n                <div class=\"layer-media\"><a href=\"https:\/\/www.svensktviltkottef.se\/?p=1044\"><img decoding=\"async\" src=\"https:\/\/www.svensktviltkottef.se\/wp-content\/uploads\/2019\/10\/Styckare.jpg\" \/><\/a><\/div>\r\n    <div class=\"layer-content\">\r\n            <div class=\"element element_0  title \">\r\n                    <a target=\"\" href=\"https:\/\/www.svensktviltkottef.se\/?p=1044\">Kommentera Remiss om Vildsvin!<\/a>\r\n\r\n        \r\n\r\n    <\/div>\r\n    <div class=\"element element_1  excerpt \">\r\n        I morgon fredag 11 oktober, kommer vi att skicka ut en webbunders\u00f6kning till Er som har VHA f\u00f6r att f\u00e5            <\/div>\r\n            <a class=\"element element_2  read_more \" target=\"_parent\" href=\"https:\/\/www.svensktviltkottef.se\/?p=1044\">Mer info<\/a>\r\n    \r\n    <\/div>\r\n        <\/div>\r\n    <\/div><div class=\"item item-1041 skin flat odd 5 \">\r\n                <div class=\"layer-wrapper layout-\">\r\n                <div class=\"layer-media\"><a href=\"https:\/\/www.svensktviltkottef.se\/?p=1041\"><img decoding=\"async\" src=\"http:\/\/www.svensktviltkottef.se\/wp-content\/uploads\/2018\/07\/Burgare-300x204.jpg\" \/><\/a><\/div>\r\n    <div class=\"layer-content\">\r\n            <div class=\"element element_0  title \">\r\n                    <a target=\"\" href=\"https:\/\/www.svensktviltkottef.se\/?p=1041\">Allt mer vilt till offentliga k\u00f6k och restauranger!<\/a>\r\n\r\n        \r\n\r\n    <\/div>\r\n    <div class=\"element element_1  excerpt \">\r\n        Allt fler offentliga k\u00f6k v\u00e4ljer vilt p\u00e5 sina menyer! Inte minst har \u00e4ldrev\u00e5rden inom m\u00e5nga kommuner b\u00f6rjat kika p\u00e5 alternativ            <\/div>\r\n            <a class=\"element element_2  read_more \" target=\"_parent\" href=\"https:\/\/www.svensktviltkottef.se\/?p=1041\">Mer info<\/a>\r\n    \r\n    <\/div>\r\n        <\/div>\r\n    <\/div><div class=\"item item-1037 skin flat even 6 \">\r\n                <div class=\"layer-wrapper layout-\">\r\n                <div class=\"layer-media\"><a href=\"https:\/\/www.svensktviltkottef.se\/?p=1037\"><img decoding=\"async\" src=\"http:\/\/www.svensktviltkottef.se\/wp-content\/uploads\/2019\/03\/Omslag-Fr\u00e5n-Skog-till-krog1-300x300.png\" \/><\/a><\/div>\r\n    <div class=\"layer-content\">\r\n            <div class=\"element element_0  title \">\r\n                    <a target=\"\" href=\"https:\/\/www.svensktviltkottef.se\/?p=1037\">Viltk\u00f6tt \u00e5t alla!<\/a>\r\n\r\n        \r\n\r\n    <\/div>\r\n    <div class=\"element element_1  excerpt \">\r\n        Det \u00e4r med stor gl\u00e4dje vi konstaterar att allt fler offentliga k\u00f6k nu v\u00e4ljer viltk\u00f6tt p\u00e5 sina menyer! Det visar            <\/div>\r\n            <a class=\"element element_2  read_more \" target=\"_parent\" href=\"https:\/\/www.svensktviltkottef.se\/?p=1037\">Mer info<\/a>\r\n    \r\n    <\/div>\r\n        <\/div>\r\n    <\/div><div class=\"item item-1033 skin flat odd 7 \">\r\n                <div class=\"layer-wrapper layout-\">\r\n                <div class=\"layer-media\"><a href=\"https:\/\/www.svensktviltkottef.se\/?p=1033\"><img decoding=\"async\" src=\"http:\/\/www.svensktviltkottef.se\/wp-content\/uploads\/2019\/04\/vilt_\u00e4lgentrecote_01-150x150.jpg\" \/><\/a><\/div>\r\n    <div class=\"layer-content\">\r\n            <div class=\"element element_0  title \">\r\n                    <a target=\"\" href=\"https:\/\/www.svensktviltkottef.se\/?p=1033\">Jaktpremi\u00e4r<\/a>\r\n\r\n        \r\n\r\n    <\/div>\r\n    <div class=\"element element_1  excerpt \">\r\n        S\u00e5 var den d\u00e5 h\u00e4r! H\u00f6sten och dess h\u00e4rliga jakter. Boka redan nu med din Vilthanteringsanl\u00e4ggning och delge dem dina            <\/div>\r\n            <a class=\"element element_2  read_more \" target=\"_parent\" href=\"https:\/\/www.svensktviltkottef.se\/?p=1033\">Mer info<\/a>\r\n    \r\n    <\/div>\r\n        <\/div>\r\n    <\/div><div class=\"item item-1030 skin flat even 8 \">\r\n                <div class=\"layer-wrapper layout-\">\r\n                <div class=\"layer-media\"><a href=\"https:\/\/www.svensktviltkottef.se\/?p=1030\"><img decoding=\"async\" src=\"http:\/\/www.svensktviltkottef.se\/wp-content\/uploads\/2018\/07\/R\u00f6keribild-150x150.gif\" \/><\/a><\/div>\r\n    <div class=\"layer-content\">\r\n            <div class=\"element element_0  title \">\r\n                    <a target=\"\" href=\"https:\/\/www.svensktviltkottef.se\/?p=1030\">Svenskt Viltk\u00f6tt och Menigo<\/a>\r\n\r\n        \r\n\r\n    <\/div>\r\n    <div class=\"element element_1  excerpt \">\r\n        V\u00e5ra EU-godk\u00e4nda anl\u00e4ggningar har nu f\u00e5tt m\u00f6jlighet att \u00e4ven leverera sitt viltk\u00f6tt och charkprodukter till Menigo. Det inneb\u00e4r inte bara            <\/div>\r\n            <a class=\"element element_2  read_more \" target=\"_parent\" href=\"https:\/\/www.svensktviltkottef.se\/?p=1030\">Mer info<\/a>\r\n    \r\n    <\/div>\r\n        <\/div>\r\n    <\/div><div class=\"item item-1026 skin flat odd 9 \">\r\n                <div class=\"layer-wrapper layout-\">\r\n                <div class=\"layer-media\"><a href=\"https:\/\/www.svensktviltkottef.se\/?p=1026\"><img decoding=\"async\" src=\"http:\/\/www.svensktviltkottef.se\/wp-content\/uploads\/2019\/07\/Utsida-Skolkomp-150x150.jpg\" \/><\/a><\/div>\r\n    <div class=\"layer-content\">\r\n            <div class=\"element element_0  title \">\r\n                    <a target=\"\" href=\"https:\/\/www.svensktviltkottef.se\/?p=1026\">Vildaste Restaurangskolan<\/a>\r\n\r\n        \r\n\r\n    <\/div>\r\n    <div class=\"element element_1  excerpt \">\r\n        Den 9 november g\u00e5r Svenskt Viltk\u00f6tt t\u00e4vling Vildaste restaurangskolan av stapeln i V\u00e4ster\u00e5s! De sex skolorna som kvalificerat sig till            <\/div>\r\n            <a class=\"element element_2  read_more \" target=\"_parent\" href=\"https:\/\/www.svensktviltkottef.se\/?p=1026\">Mer info<\/a>\r\n    \r\n    <\/div>\r\n        <\/div>\r\n    <\/div><div class=\"item item-1022 skin flat even 10 \">\r\n                <div class=\"layer-wrapper layout-\">\r\n                <div class=\"layer-media\"><a href=\"https:\/\/www.svensktviltkottef.se\/?p=1022\"><img decoding=\"async\" src=\"http:\/\/www.svensktviltkottef.se\/wp-content\/uploads\/2019\/04\/Vildsvinskarre-1-150x150.jpg\" \/><\/a><\/div>\r\n    <div class=\"layer-content\">\r\n            <div class=\"element element_0  title \">\r\n                    <a target=\"\" href=\"https:\/\/www.svensktviltkottef.se\/?p=1022\">Grilla Vilt<\/a>\r\n\r\n        \r\n\r\n    <\/div>\r\n    <div class=\"element element_1  excerpt \">\r\n        Nu \u00e4r vi mitt i semesters\u00e4songen och viltk\u00f6ttet blir allt vanligare p\u00e5 landets grillar vilket vi gl\u00e4ds \u00e5t. Klimatsmart, gott,            <\/div>\r\n            <a class=\"element element_2  read_more \" target=\"_parent\" href=\"https:\/\/www.svensktviltkottef.se\/?p=1022\">Mer info<\/a>\r\n    \r\n    <\/div>\r\n        <\/div>\r\n    <\/div><div class=\"item item-1020 skin flat odd 11 \">\r\n                <div class=\"layer-wrapper layout-\">\r\n                <div class=\"layer-media\"><a href=\"https:\/\/www.svensktviltkottef.se\/?p=1020\"><img decoding=\"async\" src=\"http:\/\/www.svensktviltkottef.se\/wp-content\/uploads\/2018\/10\/grillad_vildsvinskarre-150x150.png\" \/><\/a><\/div>\r\n    <div class=\"layer-content\">\r\n            <div class=\"element element_0  title \">\r\n                    <a target=\"\" href=\"https:\/\/www.svensktviltkottef.se\/?p=1020\">Sommartider \u00e4r grilltider!<\/a>\r\n\r\n        \r\n\r\n    <\/div>\r\n    <div class=\"element element_1  excerpt \">\r\n        Nu \u00e4r vi mitt i semesters\u00e4songen och viltk\u00f6ttet blir allt vanligare p\u00e5 landets grillar vilket vi gl\u00e4ds \u00e5t. Klimatsmart, gott,            <\/div>\r\n            <a class=\"element element_2  read_more \" target=\"_parent\" href=\"https:\/\/www.svensktviltkottef.se\/?p=1020\">Mer info<\/a>\r\n    \r\n    <\/div>\r\n        <\/div>\r\n    <\/div>        <\/div>\r\n        <div class=\"pagination\">\r\n            <div class=\"paginate\">\r\n        <span aria-current=\"page\" class=\"page-numbers current\">1<\/span>\n<a class=\"page-numbers\" href=\"https:\/\/www.svensktviltkottef.se\/index.php?rest_route=%2Fwp%2Fv2%2Fpages%2F10&#038;paged=2\">2<\/a>\n<a class=\"page-numbers\" href=\"https:\/\/www.svensktviltkottef.se\/index.php?rest_route=%2Fwp%2Fv2%2Fpages%2F10&#038;paged=3\">3<\/a>\n<a class=\"page-numbers\" href=\"https:\/\/www.svensktviltkottef.se\/index.php?rest_route=%2Fwp%2Fv2%2Fpages%2F10&#038;paged=4\">4<\/a>\n<a class=\"next page-numbers\" href=\"https:\/\/www.svensktviltkottef.se\/index.php?rest_route=%2Fwp%2Fv2%2Fpages%2F10&#038;paged=2\">Next \u00bb<\/a>    <\/div>\r\n    <style type=\"text\/css\">\r\n        #post-grid-456 .pagination .page-numbers {\r\n            font-size: 17px;\r\n            color: #646464;\r\n            background: #646464;\r\n        }\r\n        #post-grid-456 .pagination .page-numbers:hover,\r\n        #post-grid-456 .pagination .page-numbers.current {\r\n            background: #4b4b4b;\r\n        }\r\n    <\/style>\r\n    <\/div>\r\n            <style type=\"text\/css\">\r\n            \/*Write your CSS code here*\/        <\/style>\r\n    \r\n\r\n        <script>\r\n            \/*Write your js code here*\/        <\/script>\r\n        <style type=\"text\/css\">\r\n        #post-grid-456 .element_0 {\r\n            display: block;font-size: 21px;line-height: normal;padding: 0px 0px;text-align: left;font-family: Baskerville;font-weight: 600;        }\r\n        #post-grid-456 .element_1 {\r\n            display: block;font-size: 12px;padding: 5px 0px;text-align: left;        }\r\n        #post-grid-456 .element_2 {\r\n            display: block;font-size: 12px;font-weight: bold;padding: 0 10px;text-align: left;        }\r\n        #post-grid-456 .element_0:hover{}#post-grid-456 .element_1:hover{}#post-grid-456 .element_2:hover{}    <\/style>\r\n    <style type=\"text\/css\">\r\n        #post-grid-456 {\r\n            padding: 0px;\r\n            background-color: #fff;\r\n                    }\r\n        #post-grid-456 .item {\r\n            background: #fff;\r\n                    }\r\n        #post-grid-456 .item .layer-media {\r\n            height:auto;        }\r\n        @media only screen and (min-width: 0px) and (max-width: 767px) {\r\n            #post-grid-456 .grid-items {\r\n                text-align: center;\r\n                            }\r\n            #post-grid-456 .item {\r\n                width: 90%;\r\n                margin: 3px;\r\n                display: inline-block;\r\n                vertical-align: top;\r\n                height:auto;            }\r\n        }\r\n        @media only screen and (min-width: 768px) and (max-width: 1023px) {\r\n            #post-grid-456 .grid-items {\r\n                 text-align: center;\r\n                            }\r\n            #post-grid-456 .item {\r\n                width: 200px;\r\n                margin: 3px;\r\n                display: inline-block;\r\n                vertical-align: top;\r\n                max-height:auto;            }\r\n        }\r\n        @media only screen and (min-width: 1024px) {\r\n            #post-grid-456 .grid-items {\r\n                text-align: center;\r\n                            }\r\n            #post-grid-456 .item {\r\n                width: 200px;\r\n                display: inline-block;\r\n                margin: 3px;\r\n                vertical-align: top;\r\n                height:auto;            }\r\n        }\r\n            <\/style>\r\n    <\/div>\r\n<\/p>\n<\/div><\/div><\/div><\/div><\/div>","protected":false},"excerpt":{"rendered":"<p>I Svenskt Viltk\u00f6tt \u00e4r endast eu-godk\u00e4nda vilthanteringsanl\u00e4ggningar medlemmar och v\u00e5r fr\u00e4msta uppgift \u00e4r att underl\u00e4tta f\u00f6r alla parter som \u00e4r inblandade i handeln med viltk\u00f6tt. Vi utbildar j\u00e4gare i hanteringen av viltk\u00f6tt fram till inl\u00e4mningen p\u00e5 v\u00e5ra anl\u00e4ggningar, och vi&#8230; <a class=\"more-link\" href=\"https:\/\/www.svensktviltkottef.se\/?p=1020\">Forts\u00e4tt l\u00e4sa &rarr;<\/a><\/p>\n","protected":false},"author":1,"featured_media":0,"parent":0,"menu_order":0,"comment_status":"closed","ping_status":"closed","template":"","meta":{"pgc_meta":"","footnotes":""},"aioseo_notices":[],"pgc_meta":"","_links":{"self":[{"href":"https:\/\/www.svensktviltkottef.se\/index.php?rest_route=\/wp\/v2\/pages\/10"}],"collection":[{"href":"https:\/\/www.svensktviltkottef.se\/index.php?rest_route=\/wp\/v2\/pages"}],"about":[{"href":"https:\/\/www.svensktviltkottef.se\/index.php?rest_route=\/wp\/v2\/types\/page"}],"author":[{"embeddable":true,"href":"https:\/\/www.svensktviltkottef.se\/index.php?rest_route=\/wp\/v2\/users\/1"}],"replies":[{"embeddable":true,"href":"https:\/\/www.svensktviltkottef.se\/index.php?rest_route=%2Fwp%2Fv2%2Fcomments&post=10"}],"version-history":[{"count":64,"href":"https:\/\/www.svensktviltkottef.se\/index.php?rest_route=\/wp\/v2\/pages\/10\/revisions"}],"predecessor-version":[{"id":500,"href":"https:\/\/www.svensktviltkottef.se\/index.php?rest_route=\/wp\/v2\/pages\/10\/revisions\/500"}],"wp:attachment":[{"href":"https:\/\/www.svensktviltkottef.se\/index.php?rest_route=%2Fwp%2Fv2%2Fmedia&parent=10"}],"curies":[{"name":"wp","href":"https:\/\/api.w.org\/{rel}","templated":true}]}}