{"id":18,"date":"2015-10-06T15:37:37","date_gmt":"2015-10-06T13:37:37","guid":{"rendered":"http:\/\/www.svensktviltkottef.se\/?page_id=18"},"modified":"2026-03-08T07:04:08","modified_gmt":"2026-03-08T06:04:08","slug":"om-svenskt-viltkott","status":"publish","type":"page","link":"https:\/\/www.svensktviltkottef.se\/?page_id=18","title":{"rendered":"Om Svenskt Viltk\u00f6tt"},"content":{"rendered":"<div class=\"post-entry\">\n<p>Svenskt Viltk\u00f6tt \u00e4r en ekonomisk f\u00f6rening med syfte att fr\u00e4mja medlemmarnas ekonomiska intressen genom att st\u00f6dja varandra och skapa samarbetsf\u00f6rdelar s\u00e5v\u00e4l mellan f\u00f6retagen, vilthanteringsanl\u00e4ggningarna, som att gemensamt marknadsf\u00f6ra och etablera kontakt med kunder (f\u00f6retr\u00e4desvis detaljhandel och restaurang) som d\u00e4refter f\u00f6rdelas utifr\u00e5n tillg\u00e5ng och efterfr\u00e5gan.<br \/>\nF\u00f6reningen skall ocks\u00e5 bedriva utbildningar, informera och utveckla kvalitetsarbetet f\u00f6r att hela tiden h\u00f6ja niv\u00e5n p\u00e5 alla inblandade i produktionskedjan; fr\u00e5n j\u00e4gare till konsument. Detta sker genom utbildningar i alla led, framtagande av branschriktlinjer, samt kontinuerlig information i media, via n\u00e4tet, p\u00e5 m\u00e4ssor och andra l\u00e4mpliga m\u00f6tesplatser f\u00f6r j\u00e4gare, konsumenter, butiker och restauranger!<br \/>\nSvenskt Viltk\u00f6tt vill fr\u00e4mja kunskapen om, och anv\u00e4ndandet av, Svenskt Viltk\u00f6tt som den mycket v\u00e4rdefulla, nyttiga, klimatsmarta och f\u00f6rnyelsebara resurs det \u00e4r!<\/p>\n<p>I styrelsen f\u00f6r Svenskt Viltk\u00f6tt sitter:<\/p>\n<p>Stefan Persson<\/p>\n<p>Per-Ola Andersson<\/p>\n<p>G\u00f6ran Blomberg<\/p>\n<p>Arne Olsson<\/p>\n<p>Anders Bergback<\/p>\n<p>Louise Blissing<\/p>\n<p><strong>Valberedning<\/strong><br \/>\n\u00c5sa S\u00f6derberg<br \/>\nJ\u00f6rgen Persson<\/p>\n<p>Du kan n\u00e5 oss alla via <a href=\"mailto:info@svensktviltkottef.se\">svensktviltkott@gmail.com<\/a><\/p>\n<\/div>\n","protected":false},"excerpt":{"rendered":"<p>Svenskt Viltk\u00f6tt \u00e4r en ekonomisk f\u00f6rening med syfte att fr\u00e4mja medlemmarnas ekonomiska intressen genom att st\u00f6dja varandra och skapa samarbetsf\u00f6rdelar s\u00e5v\u00e4l mellan f\u00f6retagen, vilthanteringsanl\u00e4ggningarna, som att gemensamt marknadsf\u00f6ra och etablera kontakt med kunder (f\u00f6retr\u00e4desvis detaljhandel och restaurang) som d\u00e4refter f\u00f6rdelas&#8230; <a class=\"more-link\" href=\"https:\/\/www.svensktviltkottef.se\/?page_id=18\">Forts\u00e4tt l\u00e4sa &rarr;<\/a><\/p>\n","protected":false},"author":1,"featured_media":0,"parent":0,"menu_order":0,"comment_status":"closed","ping_status":"closed","template":"","meta":{"pgc_meta":"","footnotes":""},"aioseo_notices":[],"pgc_meta":"","_links":{"self":[{"href":"https:\/\/www.svensktviltkottef.se\/index.php?rest_route=\/wp\/v2\/pages\/18"}],"collection":[{"href":"https:\/\/www.svensktviltkottef.se\/index.php?rest_route=\/wp\/v2\/pages"}],"about":[{"href":"https:\/\/www.svensktviltkottef.se\/index.php?rest_route=\/wp\/v2\/types\/page"}],"author":[{"embeddable":true,"href":"https:\/\/www.svensktviltkottef.se\/index.php?rest_route=\/wp\/v2\/users\/1"}],"replies":[{"embeddable":true,"href":"https:\/\/www.svensktviltkottef.se\/index.php?rest_route=%2Fwp%2Fv2%2Fcomments&post=18"}],"version-history":[{"count":5,"href":"https:\/\/www.svensktviltkottef.se\/index.php?rest_route=\/wp\/v2\/pages\/18\/revisions"}],"predecessor-version":[{"id":1084,"href":"https:\/\/www.svensktviltkottef.se\/index.php?rest_route=\/wp\/v2\/pages\/18\/revisions\/1084"}],"wp:attachment":[{"href":"https:\/\/www.svensktviltkottef.se\/index.php?rest_route=%2Fwp%2Fv2%2Fmedia&parent=18"}],"curies":[{"name":"wp","href":"https:\/\/api.w.org\/{rel}","templated":true}]}}