{"id":28,"date":"2015-10-06T15:42:45","date_gmt":"2015-10-06T13:42:45","guid":{"rendered":"http:\/\/www.svensktviltkottef.se\/?page_id=28"},"modified":"2019-04-11T08:10:15","modified_gmt":"2019-04-11T06:10:15","slug":"kontakta-oss","status":"publish","type":"page","link":"https:\/\/www.svensktviltkottef.se\/?page_id=28","title":{"rendered":"Kontakta oss"},"content":{"rendered":"<div class=\"post-entry\">\n<p><b>Svenskt Viltk\u00f6tt KNF Ekonomisk F\u00f6rening<br \/>\n<\/b><b><\/b>Klimatsmart &#8211; Nyttigt &#8211; F\u00f6rnyelsebart<br \/>\n<a href=\"mailto:svensktviltkottef@gmail.com\">svensktviltkottef@gmail.com<\/a><\/p>\n<\/div>\n","protected":false},"excerpt":{"rendered":"<p>Svenskt Viltk\u00f6tt KNF Ekonomisk F\u00f6rening Klimatsmart &#8211; Nyttigt &#8211; F\u00f6rnyelsebart svensktviltkottef@gmail.com<\/p>\n","protected":false},"author":1,"featured_media":0,"parent":0,"menu_order":0,"comment_status":"closed","ping_status":"closed","template":"","meta":{"pgc_meta":"","footnotes":""},"aioseo_notices":[],"pgc_meta":"","_links":{"self":[{"href":"https:\/\/www.svensktviltkottef.se\/index.php?rest_route=\/wp\/v2\/pages\/28"}],"collection":[{"href":"https:\/\/www.svensktviltkottef.se\/index.php?rest_route=\/wp\/v2\/pages"}],"about":[{"href":"https:\/\/www.svensktviltkottef.se\/index.php?rest_route=\/wp\/v2\/types\/page"}],"author":[{"embeddable":true,"href":"https:\/\/www.svensktviltkottef.se\/index.php?rest_route=\/wp\/v2\/users\/1"}],"replies":[{"embeddable":true,"href":"https:\/\/www.svensktviltkottef.se\/index.php?rest_route=%2Fwp%2Fv2%2Fcomments&post=28"}],"version-history":[{"count":9,"href":"https:\/\/www.svensktviltkottef.se\/index.php?rest_route=\/wp\/v2\/pages\/28\/revisions"}],"predecessor-version":[{"id":956,"href":"https:\/\/www.svensktviltkottef.se\/index.php?rest_route=\/wp\/v2\/pages\/28\/revisions\/956"}],"wp:attachment":[{"href":"https:\/\/www.svensktviltkottef.se\/index.php?rest_route=%2Fwp%2Fv2%2Fmedia&parent=28"}],"curies":[{"name":"wp","href":"https:\/\/api.w.org\/{rel}","templated":true}]}}